{"id":1317,"date":"2023-01-16T23:29:04","date_gmt":"2023-01-16T23:29:04","guid":{"rendered":"https:\/\/pscoris.com\/?page_id=1317"},"modified":"2025-09-05T22:22:25","modified_gmt":"2025-09-05T22:22:25","slug":"quienes-somos","status":"publish","type":"page","link":"https:\/\/pscoris.com\/index.php\/quienes-somos\/","title":{"rendered":"\u00bfQUI\u00c9NES SOMOS?"},"content":{"rendered":"\n<p>Somos una empresa compuesta de profesionales dedicados a brindarte toda la informaci\u00f3n que necesitas para cumplir los objetivos de tu proyecto. Desde la venta de materiales hidr\u00e1ulicos, hasta el desarrollo de tus proyectos de paisaje y arquitect\u00f3nicos. <\/p>\n\n\n\n<p>Nuestro prop\u00f3sito es ser tu mejor opci\u00f3n a la hora de solucionar todos tus proyectos. Trabajamos a diario capacitando a nuestro personal y buscando nuevos horizontes que nos permiten ofrecerte no solo una amplia gama de trabajos y servicios, sino un precio competitivo que garantiza toda nuestra calidad y compromiso hacia tu inversi\u00f3n.<\/p>\n\n\n\n<p>Estas son algunas \u00e1reas en d\u00f3nde nos especializamos:<\/p>\n\n\n\n<div class=\"wp-block-media-text alignwide is-stacked-on-mobile\"><figure class=\"wp-block-media-text__media\"><img loading=\"lazy\" decoding=\"async\" width=\"1880\" height=\"1245\" src=\"https:\/\/pscoris.com\/wp-content\/uploads\/2023\/01\/kitchen-garden-sprinkler-gardening-garden-730923.jpeg\" alt=\"spraying of water on plants\" class=\"wp-image-1372 size-full\" srcset=\"https:\/\/pscoris.com\/wp-content\/uploads\/2023\/01\/kitchen-garden-sprinkler-gardening-garden-730923.jpeg 1880w, https:\/\/pscoris.com\/wp-content\/uploads\/2023\/01\/kitchen-garden-sprinkler-gardening-garden-730923-300x199.jpeg 300w, https:\/\/pscoris.com\/wp-content\/uploads\/2023\/01\/kitchen-garden-sprinkler-gardening-garden-730923-1024x678.jpeg 1024w, https:\/\/pscoris.com\/wp-content\/uploads\/2023\/01\/kitchen-garden-sprinkler-gardening-garden-730923-768x509.jpeg 768w, https:\/\/pscoris.com\/wp-content\/uploads\/2023\/01\/kitchen-garden-sprinkler-gardening-garden-730923-1536x1017.jpeg 1536w, https:\/\/pscoris.com\/wp-content\/uploads\/2023\/01\/kitchen-garden-sprinkler-gardening-garden-730923-600x397.jpeg 600w\" sizes=\"(max-width: 1880px) 100vw, 1880px\" \/><\/figure><div class=\"wp-block-media-text__content\">\n<p><strong>Sistemas de Riego<\/strong><\/p>\n\n\n\n<p>Brindamos asesor\u00edas acerca del funcionamiento de tu sistema de Riego Automatizado, realizamos la ejecuci\u00f3n de proyectos y realizamos mantenimiento de aspersores, tuber\u00edas y controladores en general.<\/p>\n<\/div><\/div>\n\n\n\n<div style=\"height:20px\" aria-hidden=\"true\" class=\"wp-block-spacer\"><\/div>\n\n\n\n<div class=\"wp-block-media-text alignwide is-stacked-on-mobile\"><figure class=\"wp-block-media-text__media\"><img loading=\"lazy\" decoding=\"async\" width=\"1880\" height=\"1058\" src=\"https:\/\/pscoris.com\/wp-content\/uploads\/2023\/01\/pexels-photo-716661.jpeg\" alt=\"black illustration on white printer paper\" class=\"wp-image-1374 size-full\" srcset=\"https:\/\/pscoris.com\/wp-content\/uploads\/2023\/01\/pexels-photo-716661.jpeg 1880w, https:\/\/pscoris.com\/wp-content\/uploads\/2023\/01\/pexels-photo-716661-300x169.jpeg 300w, https:\/\/pscoris.com\/wp-content\/uploads\/2023\/01\/pexels-photo-716661-1024x576.jpeg 1024w, https:\/\/pscoris.com\/wp-content\/uploads\/2023\/01\/pexels-photo-716661-768x432.jpeg 768w, https:\/\/pscoris.com\/wp-content\/uploads\/2023\/01\/pexels-photo-716661-1536x864.jpeg 1536w, https:\/\/pscoris.com\/wp-content\/uploads\/2023\/01\/pexels-photo-716661-600x338.jpeg 600w\" sizes=\"(max-width: 1880px) 100vw, 1880px\" \/><\/figure><div class=\"wp-block-media-text__content\">\n<p><strong>Dise\u00f1o<\/strong> <strong>Arquitect\u00f3nico<\/strong><\/p>\n\n\n\n<p>Dise\u00f1amos el espacio de tus sue\u00f1os, a tu gusto, conforme a las normativas establecidas con el lema favorito de la empresa: Nada es imposible.  <\/p>\n<\/div><\/div>\n\n\n\n<div style=\"height:20px\" aria-hidden=\"true\" class=\"wp-block-spacer\"><\/div>\n\n\n\n<div class=\"wp-block-media-text alignwide is-stacked-on-mobile\"><figure class=\"wp-block-media-text__media\"><img loading=\"lazy\" decoding=\"async\" width=\"1880\" height=\"1253\" src=\"https:\/\/pscoris.com\/wp-content\/uploads\/2023\/01\/pexels-photo-2219024.jpeg\" alt=\"selective focus photography cement\" class=\"wp-image-1373 size-full\" srcset=\"https:\/\/pscoris.com\/wp-content\/uploads\/2023\/01\/pexels-photo-2219024.jpeg 1880w, https:\/\/pscoris.com\/wp-content\/uploads\/2023\/01\/pexels-photo-2219024-300x200.jpeg 300w, https:\/\/pscoris.com\/wp-content\/uploads\/2023\/01\/pexels-photo-2219024-1024x682.jpeg 1024w, https:\/\/pscoris.com\/wp-content\/uploads\/2023\/01\/pexels-photo-2219024-768x512.jpeg 768w, https:\/\/pscoris.com\/wp-content\/uploads\/2023\/01\/pexels-photo-2219024-1536x1024.jpeg 1536w, https:\/\/pscoris.com\/wp-content\/uploads\/2023\/01\/pexels-photo-2219024-600x400.jpeg 600w\" sizes=\"(max-width: 1880px) 100vw, 1880px\" \/><\/figure><div class=\"wp-block-media-text__content\">\n<p><strong>Construcci\u00f3n<\/strong><\/p>\n\n\n\n<p>Adem\u00e1s de dise\u00f1ar el espacio de tus sue\u00f1os, ejecutamos el proceso de construcci\u00f3n de acuerdo a las normativas y gusto de cada uno de nuestros clientes.<\/p>\n<\/div><\/div>\n\n\n\n<div style=\"height:20px\" aria-hidden=\"true\" class=\"wp-block-spacer\"><\/div>\n\n\n\n<div class=\"wp-block-media-text alignwide is-stacked-on-mobile\"><figure class=\"wp-block-media-text__media\"><img loading=\"lazy\" decoding=\"async\" width=\"1880\" height=\"1253\" src=\"https:\/\/pscoris.com\/wp-content\/uploads\/2023\/01\/pexels-photo-259988.jpeg\" alt=\"blur bolt chrome close up\" class=\"wp-image-1379 size-full\" srcset=\"https:\/\/pscoris.com\/wp-content\/uploads\/2023\/01\/pexels-photo-259988.jpeg 1880w, https:\/\/pscoris.com\/wp-content\/uploads\/2023\/01\/pexels-photo-259988-300x200.jpeg 300w, https:\/\/pscoris.com\/wp-content\/uploads\/2023\/01\/pexels-photo-259988-1024x682.jpeg 1024w, https:\/\/pscoris.com\/wp-content\/uploads\/2023\/01\/pexels-photo-259988-768x512.jpeg 768w, https:\/\/pscoris.com\/wp-content\/uploads\/2023\/01\/pexels-photo-259988-1536x1024.jpeg 1536w, https:\/\/pscoris.com\/wp-content\/uploads\/2023\/01\/pexels-photo-259988-600x400.jpeg 600w\" sizes=\"(max-width: 1880px) 100vw, 1880px\" \/><\/figure><div class=\"wp-block-media-text__content\">\n<p><strong>Venta de Material<\/strong><\/p>\n\n\n\n<p>Contamos con la venta de materiales en nuestro establecimiento comercial, una variedad de m\u00e1s de 1,000 productos de riego agr\u00edcola, residencial, PVC, CPVC, herramienta y todo lo que necesites para llevar a cabo todos tus proyectos.<\/p>\n<\/div><\/div>\n\n\n\n<div style=\"height:20px\" aria-hidden=\"true\" class=\"wp-block-spacer\"><\/div>\n\n\n\n<div class=\"wp-block-media-text alignwide is-stacked-on-mobile\"><figure class=\"wp-block-media-text__media\"><img loading=\"lazy\" decoding=\"async\" width=\"1880\" height=\"1253\" src=\"https:\/\/pscoris.com\/wp-content\/uploads\/2023\/01\/pexels-photo.jpg\" alt=\"man wearing black denim pants with carrying hammer on holster\" class=\"wp-image-1381 size-full\" srcset=\"https:\/\/pscoris.com\/wp-content\/uploads\/2023\/01\/pexels-photo.jpg 1880w, https:\/\/pscoris.com\/wp-content\/uploads\/2023\/01\/pexels-photo-300x200.jpg 300w, https:\/\/pscoris.com\/wp-content\/uploads\/2023\/01\/pexels-photo-1024x682.jpg 1024w, https:\/\/pscoris.com\/wp-content\/uploads\/2023\/01\/pexels-photo-768x512.jpg 768w, https:\/\/pscoris.com\/wp-content\/uploads\/2023\/01\/pexels-photo-1536x1024.jpg 1536w, https:\/\/pscoris.com\/wp-content\/uploads\/2023\/01\/pexels-photo-600x400.jpg 600w\" sizes=\"(max-width: 1880px) 100vw, 1880px\" \/><\/figure><div class=\"wp-block-media-text__content\">\n<p><strong>Mantenimiento Residencial \/ Industrial<\/strong><\/p>\n\n\n\n<p>Ofrecemos un servicio de mantenimiento completo de acuerdo a tus necesidades. Mantenimiento de jardines, residencial e industrial para mantener tu patrimonio siempre al d\u00eda.<\/p>\n<\/div><\/div>\n\n\n\n<div style=\"height:50px\" aria-hidden=\"true\" class=\"wp-block-spacer\"><\/div>\n","protected":false},"excerpt":{"rendered":"<p>Somos una empresa compuesta de profesionales dedicados a brindarte toda la informaci\u00f3n que necesitas para cumplir los objetivos de tu proyecto. Desde la venta de materiales hidr\u00e1ulicos, hasta el desarrollo de tus proyectos de paisaje y arquitect\u00f3nicos. Nuestro prop\u00f3sito es ser tu mejor opci\u00f3n a la hora de solucionar todos tus proyectos. Trabajamos a diario &hellip; <\/p>\n<p class=\"link-more\"><a href=\"https:\/\/pscoris.com\/index.php\/quienes-somos\/\" class=\"more-link\">Leer m\u00e1s<span class=\"screen-reader-text\"> \u00ab\u00bfQUI\u00c9NES SOMOS?\u00bb<\/span><\/a><\/p>\n","protected":false},"author":1,"featured_media":0,"parent":0,"menu_order":0,"comment_status":"closed","ping_status":"closed","template":"","meta":{"footnotes":""},"class_list":["post-1317","page","type-page","status-publish","hentry"],"jetpack_sharing_enabled":true,"_links":{"self":[{"href":"https:\/\/pscoris.com\/index.php\/wp-json\/wp\/v2\/pages\/1317"}],"collection":[{"href":"https:\/\/pscoris.com\/index.php\/wp-json\/wp\/v2\/pages"}],"about":[{"href":"https:\/\/pscoris.com\/index.php\/wp-json\/wp\/v2\/types\/page"}],"author":[{"embeddable":true,"href":"https:\/\/pscoris.com\/index.php\/wp-json\/wp\/v2\/users\/1"}],"replies":[{"embeddable":true,"href":"https:\/\/pscoris.com\/index.php\/wp-json\/wp\/v2\/comments?post=1317"}],"version-history":[{"count":7,"href":"https:\/\/pscoris.com\/index.php\/wp-json\/wp\/v2\/pages\/1317\/revisions"}],"predecessor-version":[{"id":1470,"href":"https:\/\/pscoris.com\/index.php\/wp-json\/wp\/v2\/pages\/1317\/revisions\/1470"}],"wp:attachment":[{"href":"https:\/\/pscoris.com\/index.php\/wp-json\/wp\/v2\/media?parent=1317"}],"curies":[{"name":"wp","href":"https:\/\/api.w.org\/{rel}","templated":true}]}}