{"id":1319,"date":"2023-01-16T23:29:04","date_gmt":"2023-01-16T23:29:04","guid":{"rendered":"https:\/\/pscoris.com\/?page_id=1319"},"modified":"2025-09-05T22:15:07","modified_gmt":"2025-09-05T22:15:07","slug":"consulta","status":"publish","type":"page","link":"https:\/\/pscoris.com\/index.php\/consulta\/","title":{"rendered":"CONSULTA"},"content":{"rendered":"\n<figure class=\"wp-block-image alignwide size-large\"><img loading=\"lazy\" decoding=\"async\" width=\"1024\" height=\"1024\" src=\"https:\/\/pscoris.com\/wp-content\/uploads\/2023\/02\/Negro-1024x1024.png\" alt=\"\" class=\"wp-image-1396\" srcset=\"https:\/\/pscoris.com\/wp-content\/uploads\/2023\/02\/Negro-1024x1024.png 1024w, https:\/\/pscoris.com\/wp-content\/uploads\/2023\/02\/Negro-300x300.png 300w, https:\/\/pscoris.com\/wp-content\/uploads\/2023\/02\/Negro-150x150.png 150w, https:\/\/pscoris.com\/wp-content\/uploads\/2023\/02\/Negro-768x768.png 768w, https:\/\/pscoris.com\/wp-content\/uploads\/2023\/02\/Negro-1536x1536.png 1536w, https:\/\/pscoris.com\/wp-content\/uploads\/2023\/02\/Negro.png 2048w, https:\/\/pscoris.com\/wp-content\/uploads\/2023\/02\/Negro-2000x2000.png 2000w, https:\/\/pscoris.com\/wp-content\/uploads\/2023\/02\/Negro-600x600.png 600w, https:\/\/pscoris.com\/wp-content\/uploads\/2023\/02\/Negro-100x100.png 100w\" sizes=\"(max-width: 1024px) 100vw, 1024px\" \/><\/figure>\n\n\n\n<p>Las necesidades de nuestros clientes, nos han llevado a desarrollar nuevos alcances para nuestra empresa, abriendo camino a la creaci\u00f3n de nuestro propio despacho de Arquitectura, UPAI. <\/p>\n\n\n\n<p>UPAI Arquitectos, forma parte del equipo de CORIS siendo \u00e9ste nuestro primordial compromiso de brindar los mismos valores y principios con los que trabajamos d\u00eda a d\u00eda. Urbanismo, Paisaje, Arquitectura e Interiorismo son los departamentos que se desarrollan a diario por nuestros expertos para ofrecerte en un solo lugar todo lo que necesitas. <\/p>\n\n\n\n<figure class=\"wp-block-image size-full\"><img loading=\"lazy\" decoding=\"async\" width=\"867\" height=\"1300\" src=\"https:\/\/pscoris.com\/wp-content\/uploads\/2023\/01\/pexels-photo-2100681.jpeg\" alt=\"construction of a building\" class=\"wp-image-1393\" srcset=\"https:\/\/pscoris.com\/wp-content\/uploads\/2023\/01\/pexels-photo-2100681.jpeg 867w, https:\/\/pscoris.com\/wp-content\/uploads\/2023\/01\/pexels-photo-2100681-200x300.jpeg 200w, https:\/\/pscoris.com\/wp-content\/uploads\/2023\/01\/pexels-photo-2100681-683x1024.jpeg 683w, https:\/\/pscoris.com\/wp-content\/uploads\/2023\/01\/pexels-photo-2100681-768x1152.jpeg 768w, https:\/\/pscoris.com\/wp-content\/uploads\/2023\/01\/pexels-photo-2100681-600x900.jpeg 600w\" sizes=\"(max-width: 867px) 100vw, 867px\" \/><\/figure>\n\n\n\n<p>Somos un despacho 100% mexicano, compuesto por colegas con experiencia en todas nuestras especialidades que estar\u00e1n dispuestos a asesorarte y guiarte mientras requieras de nuestros servicios. <\/p>\n\n\n\n<p>Dentro de los servicios que ofrecemos destacamos los siguientes como los m\u00e1s importantes:<\/p>\n\n\n\n<ul class=\"wp-block-list\"><li>Dise\u00f1o de Proyecto Arquitect\u00f3nico<ul><li>Proyecto a Nivel Ejecutivo<\/li><li>Recorridos Virtuales<\/li><li>Renders \/ Vistas de Proyecto<\/li><li>Volumetr\u00edas<\/li><li>Remodelaciones<\/li><li>Digitalizaci\u00f3n de Planos<\/li><li>Instalaciones El\u00e9ctricas<\/li><li>Instalaciones Hidrosanitarias<\/li><\/ul><\/li><li>Paisajismo<ul><li>Dise\u00f1o de proyecto ejecutivo de Paisaje<\/li><li>Ejecuci\u00f3n de l\u00e1minas conceptuales<\/li><li>Master Plans para venta de condominios<\/li><\/ul><\/li><li>Urbanismo<ul><li>Dise\u00f1o de Proyecto Ejecutivo de Imagen Urbana<\/li><li>Remodelaciones<\/li><li>Digitalizaci\u00f3n de planos de Imagen Urbana<\/li><li>An\u00e1lisis de Proyectos Urbanos seg\u00fan normativas<\/li><li>Infraestructura El\u00e9ctrica<\/li><\/ul><\/li><li>Otros<ul><li>Tr\u00e1mites y Licencias<\/li><li>Mantenimiento residencial e industrial<\/li><li>Capacitaci\u00f3n de personal para el cuidado de \u00e1rboles y plantas<\/li><li>Capacitaci\u00f3n de personal para el cuidado de Sistemas de Riego<\/li><\/ul><\/li><\/ul>\n\n\n\n<h2 class=\"wp-block-heading\">Visita nuestras redes sociales para conocer un poco m\u00e1s de nuestros trabajos<\/h2>\n\n\n\n<h2 class=\"wp-block-heading\">Agenda una cita con nosotros, es completamente gratuita la visita para realizar una cotizaci\u00f3n<\/h2>\n\n\n<div class=\"wp-block-jetpack-contact-form\"><a href=\"https:\/\/pscoris.com\/index.php\/consulta\/\" target=\"_blank\" rel=\"noopener noreferrer\">Env\u00eda un formulario.<\/a><\/div>\n\n\n<div style=\"height:50px\" aria-hidden=\"true\" class=\"wp-block-spacer\"><\/div>\n","protected":false},"excerpt":{"rendered":"<p>Las necesidades de nuestros clientes, nos han llevado a desarrollar nuevos alcances para nuestra empresa, abriendo camino a la creaci\u00f3n de nuestro propio despacho de Arquitectura, UPAI. UPAI Arquitectos, forma parte del equipo de CORIS siendo \u00e9ste nuestro primordial compromiso de brindar los mismos valores y principios con los que trabajamos d\u00eda a d\u00eda. Urbanismo, &hellip; <\/p>\n<p class=\"link-more\"><a href=\"https:\/\/pscoris.com\/index.php\/consulta\/\" class=\"more-link\">Leer m\u00e1s<span class=\"screen-reader-text\"> \u00abCONSULTA\u00bb<\/span><\/a><\/p>\n","protected":false},"author":1,"featured_media":0,"parent":0,"menu_order":0,"comment_status":"closed","ping_status":"closed","template":"","meta":{"footnotes":""},"class_list":["post-1319","page","type-page","status-publish","hentry"],"jetpack_sharing_enabled":true,"_links":{"self":[{"href":"https:\/\/pscoris.com\/index.php\/wp-json\/wp\/v2\/pages\/1319"}],"collection":[{"href":"https:\/\/pscoris.com\/index.php\/wp-json\/wp\/v2\/pages"}],"about":[{"href":"https:\/\/pscoris.com\/index.php\/wp-json\/wp\/v2\/types\/page"}],"author":[{"embeddable":true,"href":"https:\/\/pscoris.com\/index.php\/wp-json\/wp\/v2\/users\/1"}],"replies":[{"embeddable":true,"href":"https:\/\/pscoris.com\/index.php\/wp-json\/wp\/v2\/comments?post=1319"}],"version-history":[{"count":10,"href":"https:\/\/pscoris.com\/index.php\/wp-json\/wp\/v2\/pages\/1319\/revisions"}],"predecessor-version":[{"id":1469,"href":"https:\/\/pscoris.com\/index.php\/wp-json\/wp\/v2\/pages\/1319\/revisions\/1469"}],"wp:attachment":[{"href":"https:\/\/pscoris.com\/index.php\/wp-json\/wp\/v2\/media?parent=1319"}],"curies":[{"name":"wp","href":"https:\/\/api.w.org\/{rel}","templated":true}]}}