{"id":28,"date":"2022-09-08T15:26:10","date_gmt":"2022-09-08T15:26:10","guid":{"rendered":"https:\/\/pscoris.com\/index.php\/home\/"},"modified":"2025-09-05T22:10:37","modified_gmt":"2025-09-05T22:10:37","slug":"home","status":"publish","type":"page","link":"https:\/\/pscoris.com\/","title":{"rendered":""},"content":{"rendered":"\n<h1 class=\"wp-block-heading has-text-align-center\">\u00a1Te damos la bienvenida!<\/h1>\n\n\n\n<p>Estos son los servicios con los que podemos ayudarte a encontrar la soluci\u00f3n para todos tus proyectos. Al ponerte en contacto con nosotros, un asesor profesional se pondr\u00e1 en contacto contigo para brindarte apoyo y la asesor\u00eda que necesitas.<\/p>\n\n\n\n<div class=\"wp-block-buttons alignwide is-horizontal is-content-justification-center is-layout-flex wp-container-core-buttons-is-layout-1 wp-block-buttons-is-layout-flex\">\n<div class=\"wp-block-button has-custom-width wp-block-button__width-100 has-custom-font-size is-style-fill has-small-font-size\"><a class=\"wp-block-button__link has-black-background-color has-background wp-element-button\" href=\"https:\/\/pscoris.com\/index.php\/tienda\/\" style=\"border-radius:0px\"><strong>VENTA DE PRODUCTOS<\/strong><\/a><\/div>\n\n\n\n<div class=\"wp-block-button has-custom-width wp-block-button__width-100 has-custom-font-size has-small-font-size\"><a class=\"wp-block-button__link has-black-background-color has-background wp-element-button\" href=\"https:\/\/pscoris.com\/index.php\/upai-arquitectos\/\" style=\"border-radius:0px\">DISE\u00d1O DE SISTEMAS DE RIEGO<\/a><\/div>\n\n\n\n<div class=\"wp-block-button has-custom-width wp-block-button__width-100 has-custom-font-size has-small-font-size\"><a class=\"wp-block-button__link has-black-background-color has-background wp-element-button\" href=\"https:\/\/pscoris.com\/index.php\/upai-arquitectos\/\" style=\"border-radius:0px\"><strong>ASESOR\u00cdA T\u00c9CNICA<\/strong><\/a><\/div>\n\n\n\n<div class=\"wp-block-button has-custom-width wp-block-button__width-100 has-custom-font-size has-small-font-size\"><a class=\"wp-block-button__link has-black-background-color has-background wp-element-button\" href=\"https:\/\/pscoris.com\/index.php\/upai-arquitectos\/\" style=\"border-radius:0px\"><strong>SERVICIO POSTVENTA<\/strong><\/a><\/div>\n<\/div>\n\n\n\n<div style=\"height:46px\" aria-hidden=\"true\" class=\"wp-block-spacer\"><\/div>\n\n\n\n<hr class=\"wp-block-separator has-alpha-channel-opacity\"\/>\n\n\n\n<p><\/p>\n","protected":false},"excerpt":{"rendered":"<p>\u00a1Te damos la bienvenida! Estos son los servicios con los que podemos ayudarte a encontrar la soluci\u00f3n para todos tus proyectos. Al ponerte en contacto con nosotros, un asesor profesional se pondr\u00e1 en contacto contigo para brindarte apoyo y la asesor\u00eda que necesitas.<\/p>\n","protected":false},"author":1,"featured_media":0,"parent":0,"menu_order":0,"comment_status":"closed","ping_status":"closed","template":"","meta":{"footnotes":""},"class_list":["post-28","page","type-page","status-publish","hentry"],"jetpack_sharing_enabled":true,"_links":{"self":[{"href":"https:\/\/pscoris.com\/index.php\/wp-json\/wp\/v2\/pages\/28"}],"collection":[{"href":"https:\/\/pscoris.com\/index.php\/wp-json\/wp\/v2\/pages"}],"about":[{"href":"https:\/\/pscoris.com\/index.php\/wp-json\/wp\/v2\/types\/page"}],"author":[{"embeddable":true,"href":"https:\/\/pscoris.com\/index.php\/wp-json\/wp\/v2\/users\/1"}],"replies":[{"embeddable":true,"href":"https:\/\/pscoris.com\/index.php\/wp-json\/wp\/v2\/comments?post=28"}],"version-history":[{"count":44,"href":"https:\/\/pscoris.com\/index.php\/wp-json\/wp\/v2\/pages\/28\/revisions"}],"predecessor-version":[{"id":1468,"href":"https:\/\/pscoris.com\/index.php\/wp-json\/wp\/v2\/pages\/28\/revisions\/1468"}],"wp:attachment":[{"href":"https:\/\/pscoris.com\/index.php\/wp-json\/wp\/v2\/media?parent=28"}],"curies":[{"name":"wp","href":"https:\/\/api.w.org\/{rel}","templated":true}]}}